{"id":102,"date":"2019-12-25T14:53:34","date_gmt":"2019-12-25T14:53:34","guid":{"rendered":"https:\/\/wirfuertann.aufserver7.hieriminternet.de\/wp\/?page_id=102"},"modified":"2019-12-25T14:53:34","modified_gmt":"2019-12-25T14:53:34","slug":"strassensanierung-nopplinger-str","status":"publish","type":"page","link":"https:\/\/wirfuertann.aufserver7.hieriminternet.de\/wp\/strassensanierung-nopplinger-str\/","title":{"rendered":"Stra\u00dfensanierung Nopplinger Str."},"content":{"rendered":"","protected":false},"excerpt":{"rendered":"","protected":false},"author":4,"featured_media":0,"parent":0,"menu_order":0,"comment_status":"closed","ping_status":"closed","template":"","meta":{"footnotes":""},"class_list":["post-102","page","type-page","status-publish","hentry"],"yoast_head":"<!-- This site is optimized with the Yoast SEO plugin v27.4 - https:\/\/yoast.com\/product\/yoast-seo-wordpress\/ -->\n<title>Stra\u00dfensanierung Nopplinger Str. - Wir f\u00fcr Tann e.V.<\/title>\n<meta name=\"robots\" content=\"index, follow, max-snippet:-1, max-image-preview:large, max-video-preview:-1\" \/>\n<link rel=\"canonical\" href=\"https:\/\/wirfuertann.aufserver7.hieriminternet.de\/wp\/strassensanierung-nopplinger-str\/\" \/>\n<meta property=\"og:locale\" content=\"de_DE\" \/>\n<meta property=\"og:type\" content=\"article\" \/>\n<meta property=\"og:title\" content=\"Stra\u00dfensanierung Nopplinger Str. - Wir f\u00fcr Tann e.V.\" \/>\n<meta property=\"og:url\" content=\"https:\/\/wirfuertann.aufserver7.hieriminternet.de\/wp\/strassensanierung-nopplinger-str\/\" \/>\n<meta property=\"og:site_name\" content=\"Wir f\u00fcr Tann e.V.\" \/>\n<meta name=\"twitter:card\" content=\"summary_large_image\" \/>\n<script type=\"application\/ld+json\" class=\"yoast-schema-graph\">{\"@context\":\"https:\\\/\\\/schema.org\",\"@graph\":[{\"@type\":\"WebPage\",\"@id\":\"https:\\\/\\\/wirfuertann.aufserver7.hieriminternet.de\\\/wp\\\/strassensanierung-nopplinger-str\\\/\",\"url\":\"https:\\\/\\\/wirfuertann.aufserver7.hieriminternet.de\\\/wp\\\/strassensanierung-nopplinger-str\\\/\",\"name\":\"Stra\u00dfensanierung Nopplinger Str. - Wir f\u00fcr Tann e.V.\",\"isPartOf\":{\"@id\":\"https:\\\/\\\/wirfuertann.aufserver7.hieriminternet.de\\\/wp\\\/#website\"},\"datePublished\":\"2019-12-25T14:53:34+00:00\",\"breadcrumb\":{\"@id\":\"https:\\\/\\\/wirfuertann.aufserver7.hieriminternet.de\\\/wp\\\/strassensanierung-nopplinger-str\\\/#breadcrumb\"},\"inLanguage\":\"de\",\"potentialAction\":[{\"@type\":\"ReadAction\",\"target\":[\"https:\\\/\\\/wirfuertann.aufserver7.hieriminternet.de\\\/wp\\\/strassensanierung-nopplinger-str\\\/\"]}]},{\"@type\":\"BreadcrumbList\",\"@id\":\"https:\\\/\\\/wirfuertann.aufserver7.hieriminternet.de\\\/wp\\\/strassensanierung-nopplinger-str\\\/#breadcrumb\",\"itemListElement\":[{\"@type\":\"ListItem\",\"position\":1,\"name\":\"Startseite\",\"item\":\"https:\\\/\\\/wirfuertann.aufserver7.hieriminternet.de\\\/wp\\\/\"},{\"@type\":\"ListItem\",\"position\":2,\"name\":\"Stra\u00dfensanierung Nopplinger Str.\"}]},{\"@type\":\"WebSite\",\"@id\":\"https:\\\/\\\/wirfuertann.aufserver7.hieriminternet.de\\\/wp\\\/#website\",\"url\":\"https:\\\/\\\/wirfuertann.aufserver7.hieriminternet.de\\\/wp\\\/\",\"name\":\"Wir f\u00fcr Tann e.V.\",\"description\":\"Vom B\u00fcrger, f\u00fcr&#039;n B\u00fcrger, mit&#039;m B\u00fcrger - Wir sind ein politischer Verein und eine W\u00e4hlergruppe in Tann Niederbayern\",\"publisher\":{\"@id\":\"https:\\\/\\\/wirfuertann.aufserver7.hieriminternet.de\\\/wp\\\/#organization\"},\"potentialAction\":[{\"@type\":\"SearchAction\",\"target\":{\"@type\":\"EntryPoint\",\"urlTemplate\":\"https:\\\/\\\/wirfuertann.aufserver7.hieriminternet.de\\\/wp\\\/?s={search_term_string}\"},\"query-input\":{\"@type\":\"PropertyValueSpecification\",\"valueRequired\":true,\"valueName\":\"search_term_string\"}}],\"inLanguage\":\"de\"},{\"@type\":\"Organization\",\"@id\":\"https:\\\/\\\/wirfuertann.aufserver7.hieriminternet.de\\\/wp\\\/#organization\",\"name\":\"Wir f\u00fcr Tann e.V.\",\"url\":\"https:\\\/\\\/wirfuertann.aufserver7.hieriminternet.de\\\/wp\\\/\",\"logo\":{\"@type\":\"ImageObject\",\"inLanguage\":\"de\",\"@id\":\"https:\\\/\\\/wirfuertann.aufserver7.hieriminternet.de\\\/wp\\\/#\\\/schema\\\/logo\\\/image\\\/\",\"url\":\"https:\\\/\\\/wirfuertann.aufserver7.hieriminternet.de\\\/wp\\\/wp-content\\\/uploads\\\/2019\\\/11\\\/wft_icon.png\",\"contentUrl\":\"https:\\\/\\\/wirfuertann.aufserver7.hieriminternet.de\\\/wp\\\/wp-content\\\/uploads\\\/2019\\\/11\\\/wft_icon.png\",\"width\":667,\"height\":667,\"caption\":\"Wir f\u00fcr Tann e.V.\"},\"image\":{\"@id\":\"https:\\\/\\\/wirfuertann.aufserver7.hieriminternet.de\\\/wp\\\/#\\\/schema\\\/logo\\\/image\\\/\"}}]}<\/script>\n<!-- \/ Yoast SEO plugin. -->","yoast_head_json":{"title":"Stra\u00dfensanierung Nopplinger Str. - Wir f\u00fcr Tann e.V.","robots":{"index":"index","follow":"follow","max-snippet":"max-snippet:-1","max-image-preview":"max-image-preview:large","max-video-preview":"max-video-preview:-1"},"canonical":"https:\/\/wirfuertann.aufserver7.hieriminternet.de\/wp\/strassensanierung-nopplinger-str\/","og_locale":"de_DE","og_type":"article","og_title":"Stra\u00dfensanierung Nopplinger Str. - Wir f\u00fcr Tann e.V.","og_url":"https:\/\/wirfuertann.aufserver7.hieriminternet.de\/wp\/strassensanierung-nopplinger-str\/","og_site_name":"Wir f\u00fcr Tann e.V.","twitter_card":"summary_large_image","schema":{"@context":"https:\/\/schema.org","@graph":[{"@type":"WebPage","@id":"https:\/\/wirfuertann.aufserver7.hieriminternet.de\/wp\/strassensanierung-nopplinger-str\/","url":"https:\/\/wirfuertann.aufserver7.hieriminternet.de\/wp\/strassensanierung-nopplinger-str\/","name":"Stra\u00dfensanierung Nopplinger Str. - Wir f\u00fcr Tann e.V.","isPartOf":{"@id":"https:\/\/wirfuertann.aufserver7.hieriminternet.de\/wp\/#website"},"datePublished":"2019-12-25T14:53:34+00:00","breadcrumb":{"@id":"https:\/\/wirfuertann.aufserver7.hieriminternet.de\/wp\/strassensanierung-nopplinger-str\/#breadcrumb"},"inLanguage":"de","potentialAction":[{"@type":"ReadAction","target":["https:\/\/wirfuertann.aufserver7.hieriminternet.de\/wp\/strassensanierung-nopplinger-str\/"]}]},{"@type":"BreadcrumbList","@id":"https:\/\/wirfuertann.aufserver7.hieriminternet.de\/wp\/strassensanierung-nopplinger-str\/#breadcrumb","itemListElement":[{"@type":"ListItem","position":1,"name":"Startseite","item":"https:\/\/wirfuertann.aufserver7.hieriminternet.de\/wp\/"},{"@type":"ListItem","position":2,"name":"Stra\u00dfensanierung Nopplinger Str."}]},{"@type":"WebSite","@id":"https:\/\/wirfuertann.aufserver7.hieriminternet.de\/wp\/#website","url":"https:\/\/wirfuertann.aufserver7.hieriminternet.de\/wp\/","name":"Wir f\u00fcr Tann e.V.","description":"Vom B\u00fcrger, f\u00fcr&#039;n B\u00fcrger, mit&#039;m B\u00fcrger - Wir sind ein politischer Verein und eine W\u00e4hlergruppe in Tann Niederbayern","publisher":{"@id":"https:\/\/wirfuertann.aufserver7.hieriminternet.de\/wp\/#organization"},"potentialAction":[{"@type":"SearchAction","target":{"@type":"EntryPoint","urlTemplate":"https:\/\/wirfuertann.aufserver7.hieriminternet.de\/wp\/?s={search_term_string}"},"query-input":{"@type":"PropertyValueSpecification","valueRequired":true,"valueName":"search_term_string"}}],"inLanguage":"de"},{"@type":"Organization","@id":"https:\/\/wirfuertann.aufserver7.hieriminternet.de\/wp\/#organization","name":"Wir f\u00fcr Tann e.V.","url":"https:\/\/wirfuertann.aufserver7.hieriminternet.de\/wp\/","logo":{"@type":"ImageObject","inLanguage":"de","@id":"https:\/\/wirfuertann.aufserver7.hieriminternet.de\/wp\/#\/schema\/logo\/image\/","url":"https:\/\/wirfuertann.aufserver7.hieriminternet.de\/wp\/wp-content\/uploads\/2019\/11\/wft_icon.png","contentUrl":"https:\/\/wirfuertann.aufserver7.hieriminternet.de\/wp\/wp-content\/uploads\/2019\/11\/wft_icon.png","width":667,"height":667,"caption":"Wir f\u00fcr Tann e.V."},"image":{"@id":"https:\/\/wirfuertann.aufserver7.hieriminternet.de\/wp\/#\/schema\/logo\/image\/"}}]}},"_links":{"self":[{"href":"https:\/\/wirfuertann.aufserver7.hieriminternet.de\/wp\/wp-json\/wp\/v2\/pages\/102","targetHints":{"allow":["GET"]}}],"collection":[{"href":"https:\/\/wirfuertann.aufserver7.hieriminternet.de\/wp\/wp-json\/wp\/v2\/pages"}],"about":[{"href":"https:\/\/wirfuertann.aufserver7.hieriminternet.de\/wp\/wp-json\/wp\/v2\/types\/page"}],"author":[{"embeddable":true,"href":"https:\/\/wirfuertann.aufserver7.hieriminternet.de\/wp\/wp-json\/wp\/v2\/users\/4"}],"replies":[{"embeddable":true,"href":"https:\/\/wirfuertann.aufserver7.hieriminternet.de\/wp\/wp-json\/wp\/v2\/comments?post=102"}],"version-history":[{"count":1,"href":"https:\/\/wirfuertann.aufserver7.hieriminternet.de\/wp\/wp-json\/wp\/v2\/pages\/102\/revisions"}],"predecessor-version":[{"id":103,"href":"https:\/\/wirfuertann.aufserver7.hieriminternet.de\/wp\/wp-json\/wp\/v2\/pages\/102\/revisions\/103"}],"wp:attachment":[{"href":"https:\/\/wirfuertann.aufserver7.hieriminternet.de\/wp\/wp-json\/wp\/v2\/media?parent=102"}],"curies":[{"name":"wp","href":"https:\/\/api.w.org\/{rel}","templated":true}]}}